{"id":40,"date":"2015-06-01T11:51:59","date_gmt":"2015-06-01T10:51:59","guid":{"rendered":"http:\/\/avada.theme-fusion.com\/church\/?page_id=40"},"modified":"2017-12-21T13:51:31","modified_gmt":"2017-12-21T12:51:31","slug":"accueil","status":"publish","type":"page","link":"https:\/\/ghyoptic.com\/","title":{"rendered":"Accueil"},"content":{"rendered":"<div class=\"fusion-fullwidth fullwidth-box fusion-fullwidth-1  fusion-parallax-none nonhundred-percent-fullwidth\" style=\"border-color:#eae9e9;border-bottom-width: 0px;border-top-width: 0px;border-bottom-style: solid;border-top-style: solid;padding-bottom:90px;padding-top:90px;padding-left:15%;padding-right:15%;padding-left:15% !important;padding-right:15% !important;background-color:rgba(255,255,255,0);\"><style type=\"text\/css\" scoped=\"scoped\">.fusion-fullwidth-1 {\n                            padding-left: 15% !important;\n                            padding-right: 15% !important;\n                        }<\/style><div class=\"fusion-row\"><div class=\"fusion-row\">\n<h2 style=\"text-align: center;\" data-fontsize=\"35\" data-lineheight=\"45\"><strong>Bienvenue chez Ghyoptic<\/strong><\/h2>\n<p style=\"text-align: center;\"><img loading=\"lazy\" decoding=\"async\" class=\"alignnone size-full wp-image-1477\" src=\"http:\/\/ghyoptic.com\/wp-content\/uploads\/2015\/06\/eyeglassiconT1.png\" alt=\"eyeglassiconT1\" width=\"98\" height=\"35\" \/><\/p>\n<p class=\"WW-Standard\" style=\"text-align: center;\">Situ\u00e9 \u00e0 <strong>Woluwe<\/strong>, Ghyoptic vous accueille depuis 2015.<\/p>\n<p class=\"WW-Standard\" style=\"text-align: center;\">La soci\u00e9t\u00e9 est dirig\u00e9e par <strong>Patrick Luanghy<\/strong> dont le souci principal est de vous offrir un haut niveau de qualit\u00e9 en termes de produits et de services pour l\u2019enti\u00e8re satisfaction de vos besoins et de vos envies\u00a0!<\/p>\n<p class=\"WW-Standard\" style=\"text-align: center;\">Il vous conseille et vous accueille dans un cadre chaleureux et confortable.<\/p>\n<p class=\"WW-Standard\" style=\"text-align: center;\">Vous\u00a0 pourrez trouver toutes les plus grandes marques de <strong class=\"title1\">montures<\/strong> (<strong>Emporio Armani, Ray Ban,<\/strong>\u00a0<b>D&amp;G, Xavier-Garcia, Persol, Oakley, Dutz, Guess, Vogue, Ralph Lauren, Etnia Barcelona<\/b>, des <strong>verres ophtalmique<\/strong><strong>s<\/strong>\u00a0et des<strong> lentilles de contact<\/strong>).<\/p>\n<\/div>\n<\/div><\/div><div class=\"fusion-fullwidth fullwidth-box fusion-fullwidth-2  fusion-parallax-none hundred-percent-fullwidth fusion-equal-height-columns\" style=\"border-color:#eae9e9;border-bottom-width: 0px;border-top-width: 0px;border-bottom-style: solid;border-top-style: solid;padding-bottom:0px;padding-top:0px;padding-left:0px;padding-right:0px;background-color:rgba(255,255,255,0);\"><style type=\"text\/css\" scoped=\"scoped\">.fusion-fullwidth-2, .fusion-fullwidth-2.fusion-section-separator {\n                        padding-left: 0px !important;\n                        padding-right: 0px !important;\n                    }@media only screen and (max-width: 1220px) {}<\/style><div class=\"fusion-row\"><div class=\"fusion-one-half fusion-layout-column fusion-spacing-no\" style=\"margin-top:0px;margin-bottom:0px;\"><div class=\"fusion-column-wrapper\" style=\"background-color:#ececec;padding:15%;\"><div class=\"fusion-column-table\"><div class=\"fusion-column-tablecell\"><h2 data-fontsize=\"35\" data-lineheight=\"45\">Pourquoi venir chez nous ?<\/h2>\n<p>En tant qu\u2019opticien, je m\u2019engage \u00e0 vous offrir le meilleur service\u00a0\u00e0 l\u2019aide d\u2019un <strong><span class=\"titel1\">\u00e9quipement de haute technologie<\/span><\/strong> :<\/p>\n<ul>\n<li>Aide en tant qu\u2019\u00a0<strong><span class=\"titel1\">opticien visagiste<\/span><\/strong> dans le choix de vos lunettes.<\/li>\n<li><strong><span class=\"titel1\">Conseils personnalis\u00e9s<\/span><\/strong> pour vos verres en fonction de vos besoins.<\/li>\n<li><strong><span class=\"titel1\">Examen de votre vue<\/span><\/strong>.<\/li>\n<li>Adaptation de <strong><span class=\"titel1\">lentilles de contact<\/span><\/strong> et vente des produits d\u2019entretien.<\/li>\n<\/ul>\n<div class=\"fusion-clearfix\"><\/div><\/div><\/div><\/div><\/div><div class=\"fusion-one-half fusion-layout-column fusion-column-last fusion-spacing-no\" style=\"margin-top:0px;margin-bottom:0px;\"><div class=\"fusion-column-wrapper\" style=\"background:url(http:\/\/ghyoptic.com\/wp-content\/uploads\/2015\/06\/20160719_111105-Copy-Copy.jpg) center center no-repeat ;-webkit-background-size:cover;-moz-background-size:cover;-o-background-size:cover;background-size:cover;padding:100px;\" data-bg-url=\"http:\/\/ghyoptic.com\/wp-content\/uploads\/2015\/06\/20160719_111105-Copy-Copy.jpg\"><div class=\"fusion-column-table\"><div class=\"fusion-column-tablecell\"><div class=\"fusion-clearfix\"><\/div><\/div><\/div><\/div><\/div><div class=\"fusion-clearfix\"><\/div><\/div><\/div><div class=\"fusion-fullwidth fullwidth-box fusion-fullwidth-3  fusion-parallax-none hundred-percent-fullwidth fusion-equal-height-columns\" style=\"border-color:#eae9e9;border-bottom-width: 0px;border-top-width: 0px;border-bottom-style: solid;border-top-style: solid;padding-bottom:0px;padding-top:0px;padding-left:0px;padding-right:0px;background-color:rgba(255,255,255,0);\"><style type=\"text\/css\" scoped=\"scoped\">.fusion-fullwidth-3, .fusion-fullwidth-3.fusion-section-separator {\n                        padding-left: 0px !important;\n                        padding-right: 0px !important;\n                    }@media only screen and (max-width: 1220px) {}<\/style><div class=\"fusion-row\"><div class=\"fusion-one-half fusion-layout-column fusion-spacing-no\" style=\"margin-top:0px;margin-bottom:0px;\"><div class=\"fusion-column-wrapper\" style=\"background:url(http:\/\/ghyoptic.com\/wp-content\/uploads\/2015\/06\/20160719_111229.jpg) center center no-repeat ;-webkit-background-size:cover;-moz-background-size:cover;-o-background-size:cover;background-size:cover;padding:15%;\" data-bg-url=\"http:\/\/ghyoptic.com\/wp-content\/uploads\/2015\/06\/20160719_111229.jpg\"><div class=\"fusion-column-table\"><div class=\"fusion-column-tablecell\"><div class=\"fusion-clearfix\"><\/div><\/div><\/div><\/div><\/div><div class=\"fusion-one-half fusion-layout-column fusion-column-last fusion-spacing-no\" style=\"margin-top:0px;margin-bottom:0px;\"><div class=\"fusion-column-wrapper\" style=\"background-color:#ffffff;padding:15%;\"><div class=\"fusion-column-table\"><div class=\"fusion-column-tablecell\"><h2 data-fontsize=\"35\" data-lineheight=\"45\">Commentaires clients :<\/h2>\n<div class=\"fusion-testimonials clean fusion-testimonials-1\" data-random=\"1\"><style type='text\/css' scoped='scoped'>\n\t\t#fusion-testimonials-1 a{border-color: #000000;}#fusion-testimonials-1 a:hover, #fusion-testimonials-1 .activeSlide{background-color: #000000;}\n\t\t.fusion-testimonials.clean.fusion-testimonials-1 .author:after{border-top-color:transparent !important;}<\/style><div class=\"reviews\"><div class=\"review no-avatar\"><blockquote style=\"margin: -25px;background-color:transparent;\"><q style=\"background-color:transparent;color:#000000;\">Vendeur professionnel et toujours \u00e0 l&#8217;\u00e9coute. A recommander !<\/q><\/blockquote><div class=\"author\" style=\"color:#000000;\"><span class=\"company-name\"><strong>Sandrine Elsen<\/strong><\/span><\/div><\/div><\/div><div class=\"testimonial-pagination\" id=\"fusion-testimonials-1\"><\/div><\/div><div class=\"fusion-testimonials clean fusion-testimonials-2\" data-random=\"0\"><style type='text\/css' scoped='scoped'>\n\t\t#fusion-testimonials-2 a{border-color: #000000;}#fusion-testimonials-2 a:hover, #fusion-testimonials-2 .activeSlide{background-color: #000000;}\n\t\t.fusion-testimonials.clean.fusion-testimonials-2 .author:after{border-top-color:transparent !important;}<\/style><div class=\"reviews\"><div class=\"review no-avatar\"><blockquote style=\"margin: -25px;background-color:transparent;\"><q style=\"background-color:transparent;color:#000000;\">J&#8217;ai eu l&#8217;occasion d&#8217;acheter une paire de lunettes chez Ghyoptic et c&#8217;est vraiment pas cher !<\/q><\/blockquote><div class=\"author\" style=\"color:#000000;\"><span class=\"company-name\"><strong>Jessica<\/strong><\/span><\/div><\/div><\/div><div class=\"testimonial-pagination\" id=\"fusion-testimonials-2\"><\/div><\/div><div class=\"fusion-clearfix\"><\/div><\/div><\/div><\/div><\/div><div class=\"fusion-clearfix\"><\/div><\/div><\/div>\n","protected":false},"excerpt":{"rendered":"","protected":false},"author":1,"featured_media":0,"parent":0,"menu_order":0,"comment_status":"closed","ping_status":"closed","template":"100-width.php","meta":{"footnotes":""},"_links":{"self":[{"href":"https:\/\/ghyoptic.com\/index.php\/wp-json\/wp\/v2\/pages\/40"}],"collection":[{"href":"https:\/\/ghyoptic.com\/index.php\/wp-json\/wp\/v2\/pages"}],"about":[{"href":"https:\/\/ghyoptic.com\/index.php\/wp-json\/wp\/v2\/types\/page"}],"author":[{"embeddable":true,"href":"https:\/\/ghyoptic.com\/index.php\/wp-json\/wp\/v2\/users\/1"}],"replies":[{"embeddable":true,"href":"https:\/\/ghyoptic.com\/index.php\/wp-json\/wp\/v2\/comments?post=40"}],"version-history":[{"count":29,"href":"https:\/\/ghyoptic.com\/index.php\/wp-json\/wp\/v2\/pages\/40\/revisions"}],"predecessor-version":[{"id":1570,"href":"https:\/\/ghyoptic.com\/index.php\/wp-json\/wp\/v2\/pages\/40\/revisions\/1570"}],"wp:attachment":[{"href":"https:\/\/ghyoptic.com\/index.php\/wp-json\/wp\/v2\/media?parent=40"}],"curies":[{"name":"wp","href":"https:\/\/api.w.org\/{rel}","templated":true}]}}